{"id":3,"date":"2025-02-28T11:08:37","date_gmt":"2025-02-28T10:08:37","guid":{"rendered":"http:\/\/spoonvs.cluster021.hosting.ovh.net\/?page_id=3"},"modified":"2025-03-04T13:32:02","modified_gmt":"2025-03-04T12:32:02","slug":"mentions-legales","status":"publish","type":"page","link":"https:\/\/www.spoonvideo.fr\/index.php\/mentions-legales\/","title":{"rendered":"Mentions l\u00e9gales"},"content":{"rendered":"<style>.wp-block-kadence-advancedheading.kt-adv-heading3_63f4ed-d9, .wp-block-kadence-advancedheading.kt-adv-heading3_63f4ed-d9[data-kb-block=\"kb-adv-heading3_63f4ed-d9\"]{font-style:normal;}.wp-block-kadence-advancedheading.kt-adv-heading3_63f4ed-d9 mark.kt-highlight, .wp-block-kadence-advancedheading.kt-adv-heading3_63f4ed-d9[data-kb-block=\"kb-adv-heading3_63f4ed-d9\"] mark.kt-highlight{font-style:normal;color:#f76a0c;-webkit-box-decoration-break:clone;box-decoration-break:clone;padding-top:0px;padding-right:0px;padding-bottom:0px;padding-left:0px;}<\/style>\n<h2 class=\"kt-adv-heading3_63f4ed-d9 wp-block-kadence-advancedheading\" data-kb-block=\"kb-adv-heading3_63f4ed-d9\"><strong>1. \u00c9diteur<\/strong><\/h2>\n\n\n<style>.wp-block-kadence-advancedheading.kt-adv-heading3_5e6c33-a1, .wp-block-kadence-advancedheading.kt-adv-heading3_5e6c33-a1[data-kb-block=\"kb-adv-heading3_5e6c33-a1\"]{font-style:normal;}.wp-block-kadence-advancedheading.kt-adv-heading3_5e6c33-a1 mark.kt-highlight, .wp-block-kadence-advancedheading.kt-adv-heading3_5e6c33-a1[data-kb-block=\"kb-adv-heading3_5e6c33-a1\"] mark.kt-highlight{font-style:normal;color:#f76a0c;-webkit-box-decoration-break:clone;box-decoration-break:clone;padding-top:0px;padding-right:0px;padding-bottom:0px;padding-left:0px;}<\/style>\n<p class=\"kt-adv-heading3_5e6c33-a1 wp-block-kadence-advancedheading\" data-kb-block=\"kb-adv-heading3_5e6c33-a1\">Le site\u00a0<strong><a href=\"https:\/\/www.spoonvideo.fr\/\">www.spoonvideo.fr<\/a><\/strong>\u00a0est \u00e9dit\u00e9 par La Boite Carr\u00e9e, entit\u00e9 de la SAS Le Hangar, repr\u00e9sent\u00e9e par Melanie Barreau<br>27, avenue des Fr\u00e8res Lumi\u00e8re \/ PA La Guerche \/ 44250 Saint Brevin Les Pins<br>Siret 849 279 773 00014<\/p>\n\n\n<style>.wp-block-kadence-advancedheading.kt-adv-heading3_bb1c09-ba, .wp-block-kadence-advancedheading.kt-adv-heading3_bb1c09-ba[data-kb-block=\"kb-adv-heading3_bb1c09-ba\"]{font-style:normal;}.wp-block-kadence-advancedheading.kt-adv-heading3_bb1c09-ba mark.kt-highlight, .wp-block-kadence-advancedheading.kt-adv-heading3_bb1c09-ba[data-kb-block=\"kb-adv-heading3_bb1c09-ba\"] mark.kt-highlight{font-style:normal;color:#f76a0c;-webkit-box-decoration-break:clone;box-decoration-break:clone;padding-top:0px;padding-right:0px;padding-bottom:0px;padding-left:0px;}<\/style>\n<h2 class=\"kt-adv-heading3_bb1c09-ba wp-block-kadence-advancedheading\" data-kb-block=\"kb-adv-heading3_bb1c09-ba\"><strong>2. H\u00e9bergement<\/strong><\/h2>\n\n\n<style>.wp-block-kadence-advancedheading.kt-adv-heading3_edccb9-56, .wp-block-kadence-advancedheading.kt-adv-heading3_edccb9-56[data-kb-block=\"kb-adv-heading3_edccb9-56\"]{font-style:normal;}.wp-block-kadence-advancedheading.kt-adv-heading3_edccb9-56 mark.kt-highlight, .wp-block-kadence-advancedheading.kt-adv-heading3_edccb9-56[data-kb-block=\"kb-adv-heading3_edccb9-56\"] mark.kt-highlight{font-style:normal;color:#f76a0c;-webkit-box-decoration-break:clone;box-decoration-break:clone;padding-top:0px;padding-right:0px;padding-bottom:0px;padding-left:0px;}<\/style>\n<p class=\"kt-adv-heading3_edccb9-56 wp-block-kadence-advancedheading\" data-kb-block=\"kb-adv-heading3_edccb9-56\">Le site\u00a0<strong><a href=\"https:\/\/www.spoonvideo.fr\/\">www.spoonvideo.fr<\/a><\/strong>\u00a0est h\u00e9berg\u00e9 par OVH<br><a href=\"https:\/\/www.ovhcloud.com\/fr\/\">https:\/\/www.ovhcloud.com\/fr\/<\/a><\/p>\n\n\n<style>.wp-block-kadence-advancedheading.kt-adv-heading3_8e4e65-62, .wp-block-kadence-advancedheading.kt-adv-heading3_8e4e65-62[data-kb-block=\"kb-adv-heading3_8e4e65-62\"]{font-style:normal;}.wp-block-kadence-advancedheading.kt-adv-heading3_8e4e65-62 mark.kt-highlight, .wp-block-kadence-advancedheading.kt-adv-heading3_8e4e65-62[data-kb-block=\"kb-adv-heading3_8e4e65-62\"] mark.kt-highlight{font-style:normal;color:#f76a0c;-webkit-box-decoration-break:clone;box-decoration-break:clone;padding-top:0px;padding-right:0px;padding-bottom:0px;padding-left:0px;}<\/style>\n<h2 class=\"kt-adv-heading3_8e4e65-62 wp-block-kadence-advancedheading\" data-kb-block=\"kb-adv-heading3_8e4e65-62\"><strong>3. Propri\u00e9t\u00e9 intellectuelle<\/strong><\/h2>\n\n\n<style>.wp-block-kadence-advancedheading.kt-adv-heading3_7c89ee-fa, .wp-block-kadence-advancedheading.kt-adv-heading3_7c89ee-fa[data-kb-block=\"kb-adv-heading3_7c89ee-fa\"]{font-style:normal;}.wp-block-kadence-advancedheading.kt-adv-heading3_7c89ee-fa mark.kt-highlight, .wp-block-kadence-advancedheading.kt-adv-heading3_7c89ee-fa[data-kb-block=\"kb-adv-heading3_7c89ee-fa\"] mark.kt-highlight{font-style:normal;color:#f76a0c;-webkit-box-decoration-break:clone;box-decoration-break:clone;padding-top:0px;padding-right:0px;padding-bottom:0px;padding-left:0px;}<\/style>\n<p class=\"kt-adv-heading3_7c89ee-fa wp-block-kadence-advancedheading\" data-kb-block=\"kb-adv-heading3_7c89ee-fa\">L\u2019ensemble des contenus pr\u00e9sents sur le site\u00a0<strong><a href=\"https:\/\/www.spoonvideo.fr\/\">www.spoonvideo.fr<\/a><\/strong>\u00a0(textes, images, vid\u00e9os, graphismes, logos, etc.) est prot\u00e9g\u00e9 par le droit d\u2019auteur et la propri\u00e9t\u00e9 intellectuelle. Toute reproduction, diffusion ou exploitation sans autorisation \u00e9crite est interdite.<\/p>\n\n\n<style>.wp-block-kadence-advancedheading.kt-adv-heading3_4e3074-09, .wp-block-kadence-advancedheading.kt-adv-heading3_4e3074-09[data-kb-block=\"kb-adv-heading3_4e3074-09\"]{font-style:normal;}.wp-block-kadence-advancedheading.kt-adv-heading3_4e3074-09 mark.kt-highlight, .wp-block-kadence-advancedheading.kt-adv-heading3_4e3074-09[data-kb-block=\"kb-adv-heading3_4e3074-09\"] mark.kt-highlight{font-style:normal;color:#f76a0c;-webkit-box-decoration-break:clone;box-decoration-break:clone;padding-top:0px;padding-right:0px;padding-bottom:0px;padding-left:0px;}<\/style>\n<h2 class=\"kt-adv-heading3_4e3074-09 wp-block-kadence-advancedheading\" data-kb-block=\"kb-adv-heading3_4e3074-09\"><strong>4. Responsabilit\u00e9<\/strong><\/h2>\n\n\n<style>.wp-block-kadence-advancedheading.kt-adv-heading3_1952a8-bf, .wp-block-kadence-advancedheading.kt-adv-heading3_1952a8-bf[data-kb-block=\"kb-adv-heading3_1952a8-bf\"]{font-style:normal;}.wp-block-kadence-advancedheading.kt-adv-heading3_1952a8-bf mark.kt-highlight, .wp-block-kadence-advancedheading.kt-adv-heading3_1952a8-bf[data-kb-block=\"kb-adv-heading3_1952a8-bf\"] mark.kt-highlight{font-style:normal;color:#f76a0c;-webkit-box-decoration-break:clone;box-decoration-break:clone;padding-top:0px;padding-right:0px;padding-bottom:0px;padding-left:0px;}<\/style>\n<p class=\"kt-adv-heading3_1952a8-bf wp-block-kadence-advancedheading\" data-kb-block=\"kb-adv-heading3_1952a8-bf\">L\u2019\u00e9diteur du site s\u2019efforce d\u2019assurer l\u2019exactitude des informations publi\u00e9es. Toutefois, il ne peut \u00eatre tenu responsable des erreurs ou omissions, ni d\u2019une mauvaise utilisation des contenus par les utilisateurs.<\/p>\n\n\n<style>.wp-block-kadence-advancedheading.kt-adv-heading3_3a88ff-bd, .wp-block-kadence-advancedheading.kt-adv-heading3_3a88ff-bd[data-kb-block=\"kb-adv-heading3_3a88ff-bd\"]{font-style:normal;}.wp-block-kadence-advancedheading.kt-adv-heading3_3a88ff-bd mark.kt-highlight, .wp-block-kadence-advancedheading.kt-adv-heading3_3a88ff-bd[data-kb-block=\"kb-adv-heading3_3a88ff-bd\"] mark.kt-highlight{font-style:normal;color:#f76a0c;-webkit-box-decoration-break:clone;box-decoration-break:clone;padding-top:0px;padding-right:0px;padding-bottom:0px;padding-left:0px;}<\/style>\n<h2 class=\"kt-adv-heading3_3a88ff-bd wp-block-kadence-advancedheading\" data-kb-block=\"kb-adv-heading3_3a88ff-bd\"><strong>5. Protection des donn\u00e9es personnelles<\/strong><\/h2>\n\n\n<style>.wp-block-kadence-advancedheading.kt-adv-heading3_a1ac38-e1, .wp-block-kadence-advancedheading.kt-adv-heading3_a1ac38-e1[data-kb-block=\"kb-adv-heading3_a1ac38-e1\"]{font-style:normal;}.wp-block-kadence-advancedheading.kt-adv-heading3_a1ac38-e1 mark.kt-highlight, .wp-block-kadence-advancedheading.kt-adv-heading3_a1ac38-e1[data-kb-block=\"kb-adv-heading3_a1ac38-e1\"] mark.kt-highlight{font-style:normal;color:#f76a0c;-webkit-box-decoration-break:clone;box-decoration-break:clone;padding-top:0px;padding-right:0px;padding-bottom:0px;padding-left:0px;}<\/style>\n<p class=\"kt-adv-heading3_a1ac38-e1 wp-block-kadence-advancedheading\" data-kb-block=\"kb-adv-heading3_a1ac38-e1\">Le site\u00a0<strong><a href=\"https:\/\/www.spoonvideo.fr\/\">www.spoonvideo.fr<\/a><\/strong>\u00a0ne recueille\u00a0<strong>aucune donn\u00e9e personnelle ni cookie<\/strong>. Aucune information n\u2019est stock\u00e9e ou exploit\u00e9e \u00e0 des fins de suivi ou de marketing.<\/p>\n\n\n<style>.wp-block-kadence-advancedheading.kt-adv-heading3_8eb9be-d9, .wp-block-kadence-advancedheading.kt-adv-heading3_8eb9be-d9[data-kb-block=\"kb-adv-heading3_8eb9be-d9\"]{font-style:normal;}.wp-block-kadence-advancedheading.kt-adv-heading3_8eb9be-d9 mark.kt-highlight, .wp-block-kadence-advancedheading.kt-adv-heading3_8eb9be-d9[data-kb-block=\"kb-adv-heading3_8eb9be-d9\"] mark.kt-highlight{font-style:normal;color:#f76a0c;-webkit-box-decoration-break:clone;box-decoration-break:clone;padding-top:0px;padding-right:0px;padding-bottom:0px;padding-left:0px;}<\/style>\n<h2 class=\"kt-adv-heading3_8eb9be-d9 wp-block-kadence-advancedheading\" data-kb-block=\"kb-adv-heading3_8eb9be-d9\"><strong>6. Liens hypertextes<\/strong><\/h2>\n\n\n<style>.wp-block-kadence-advancedheading.kt-adv-heading3_8d39a7-dd, .wp-block-kadence-advancedheading.kt-adv-heading3_8d39a7-dd[data-kb-block=\"kb-adv-heading3_8d39a7-dd\"]{font-style:normal;}.wp-block-kadence-advancedheading.kt-adv-heading3_8d39a7-dd mark.kt-highlight, .wp-block-kadence-advancedheading.kt-adv-heading3_8d39a7-dd[data-kb-block=\"kb-adv-heading3_8d39a7-dd\"] mark.kt-highlight{font-style:normal;color:#f76a0c;-webkit-box-decoration-break:clone;box-decoration-break:clone;padding-top:0px;padding-right:0px;padding-bottom:0px;padding-left:0px;}<\/style>\n<p class=\"kt-adv-heading3_8d39a7-dd wp-block-kadence-advancedheading\" data-kb-block=\"kb-adv-heading3_8d39a7-dd\">Le site peut contenir des liens vers des sites tiers. Spoon Video n\u2019exerce aucun contr\u00f4le sur ces sites et d\u00e9cline toute responsabilit\u00e9 quant \u00e0 leur contenu.<\/p>\n\n\n<style>.wp-block-kadence-advancedheading.kt-adv-heading3_f9611c-d6, .wp-block-kadence-advancedheading.kt-adv-heading3_f9611c-d6[data-kb-block=\"kb-adv-heading3_f9611c-d6\"]{font-style:normal;}.wp-block-kadence-advancedheading.kt-adv-heading3_f9611c-d6 mark.kt-highlight, .wp-block-kadence-advancedheading.kt-adv-heading3_f9611c-d6[data-kb-block=\"kb-adv-heading3_f9611c-d6\"] mark.kt-highlight{font-style:normal;color:#f76a0c;-webkit-box-decoration-break:clone;box-decoration-break:clone;padding-top:0px;padding-right:0px;padding-bottom:0px;padding-left:0px;}<\/style>\n<h2 class=\"kt-adv-heading3_f9611c-d6 wp-block-kadence-advancedheading\" data-kb-block=\"kb-adv-heading3_f9611c-d6\"><strong>7. Contact<\/strong><\/h2>\n\n\n<style>.wp-block-kadence-advancedheading.kt-adv-heading3_96f21b-12, .wp-block-kadence-advancedheading.kt-adv-heading3_96f21b-12[data-kb-block=\"kb-adv-heading3_96f21b-12\"]{font-style:normal;}.wp-block-kadence-advancedheading.kt-adv-heading3_96f21b-12 mark.kt-highlight, .wp-block-kadence-advancedheading.kt-adv-heading3_96f21b-12[data-kb-block=\"kb-adv-heading3_96f21b-12\"] mark.kt-highlight{font-style:normal;color:#f76a0c;-webkit-box-decoration-break:clone;box-decoration-break:clone;padding-top:0px;padding-right:0px;padding-bottom:0px;padding-left:0px;}<\/style>\n<p class=\"kt-adv-heading3_96f21b-12 wp-block-kadence-advancedheading\" data-kb-block=\"kb-adv-heading3_96f21b-12\">Pour toute question relative aux mentions l\u00e9gales, vous pouvez contacter <a href=\"mailto:contact@spoonvideo.fr\">contact (a) spoonvideo.fr<\/a><\/p>\n","protected":false},"excerpt":{"rendered":"<p>1. \u00c9diteur Le site\u00a0www.spoonvideo.fr\u00a0est \u00e9dit\u00e9 par La Boite Carr\u00e9e, entit\u00e9 de la SAS Le Hangar, repr\u00e9sent\u00e9e par Melanie Barreau27, avenue des Fr\u00e8res Lumi\u00e8re \/ PA La Guerche \/ 44250 Saint Brevin Les PinsSiret 849 279 773 00014 2. H\u00e9bergement Le site\u00a0www.spoonvideo.fr\u00a0est h\u00e9berg\u00e9 par OVHhttps:\/\/www.ovhcloud.com\/fr\/ 3. Propri\u00e9t\u00e9 intellectuelle L\u2019ensemble des contenus pr\u00e9sents sur le site\u00a0www.spoonvideo.fr\u00a0(textes, images,&#8230;<\/p>\n","protected":false},"author":2,"featured_media":0,"parent":0,"menu_order":0,"comment_status":"closed","ping_status":"closed","template":"","meta":{"_kad_post_transparent":"","_kad_post_title":"","_kad_post_layout":"","_kad_post_sidebar_id":"","_kad_post_content_style":"","_kad_post_vertical_padding":"","_kad_post_feature":"","_kad_post_feature_position":"","_kad_post_header":false,"_kad_post_footer":false,"footnotes":""},"class_list":["post-3","page","type-page","status-publish","hentry"],"_links":{"self":[{"href":"https:\/\/www.spoonvideo.fr\/index.php\/wp-json\/wp\/v2\/pages\/3","targetHints":{"allow":["GET"]}}],"collection":[{"href":"https:\/\/www.spoonvideo.fr\/index.php\/wp-json\/wp\/v2\/pages"}],"about":[{"href":"https:\/\/www.spoonvideo.fr\/index.php\/wp-json\/wp\/v2\/types\/page"}],"author":[{"embeddable":true,"href":"https:\/\/www.spoonvideo.fr\/index.php\/wp-json\/wp\/v2\/users\/2"}],"replies":[{"embeddable":true,"href":"https:\/\/www.spoonvideo.fr\/index.php\/wp-json\/wp\/v2\/comments?post=3"}],"version-history":[{"count":1,"href":"https:\/\/www.spoonvideo.fr\/index.php\/wp-json\/wp\/v2\/pages\/3\/revisions"}],"predecessor-version":[{"id":94,"href":"https:\/\/www.spoonvideo.fr\/index.php\/wp-json\/wp\/v2\/pages\/3\/revisions\/94"}],"wp:attachment":[{"href":"https:\/\/www.spoonvideo.fr\/index.php\/wp-json\/wp\/v2\/media?parent=3"}],"curies":[{"name":"wp","href":"https:\/\/api.w.org\/{rel}","templated":true}]}}