{"id":325,"date":"2025-11-11T10:38:23","date_gmt":"2025-11-11T09:38:23","guid":{"rendered":"https:\/\/www.spoonvideo.fr\/?page_id=325"},"modified":"2025-11-17T14:49:50","modified_gmt":"2025-11-17T13:49:50","slug":"contact","status":"publish","type":"page","link":"https:\/\/www.spoonvideo.fr\/index.php\/contact\/","title":{"rendered":"Contact"},"content":{"rendered":"<style>.kb-row-layout-id325_9e1dfe-7c > .kt-row-column-wrap{align-content:start;}:where(.kb-row-layout-id325_9e1dfe-7c > .kt-row-column-wrap) > .wp-block-kadence-column{justify-content:start;}.kb-row-layout-id325_9e1dfe-7c > .kt-row-column-wrap{column-gap:var(--global-kb-gap-md, 2rem);row-gap:var(--global-kb-gap-md, 2rem);max-width:var( --global-content-width, 1290px );padding-left:var(--global-content-edge-padding);padding-right:var(--global-content-edge-padding);padding-top:var(--global-kb-spacing-md, 2rem);padding-bottom:var(--global-kb-spacing-md, 2rem);grid-template-columns:minmax(0, 1fr);}.kb-row-layout-id325_9e1dfe-7c > .kt-row-layout-overlay{opacity:0.30;}.kb-row-layout-id325_9e1dfe-7c .kt-row-layout-bottom-sep{height:100px;}.kb-row-layout-id325_9e1dfe-7c .kt-row-layout-bottom-sep svg{width:100%;}.kb-row-layout-id325_9e1dfe-7c .kt-row-layout-bottom-sep svg{fill:#000000!important;}.kb-row-layout-id325_9e1dfe-7c .kt-row-layout-top-sep{height:100px;}.kb-row-layout-id325_9e1dfe-7c .kt-row-layout-top-sep svg{width:100%;}.kb-row-layout-id325_9e1dfe-7c .kt-row-layout-top-sep svg{fill:#020202!important;}@media all and (max-width: 1024px){.kb-row-layout-id325_9e1dfe-7c > .kt-row-column-wrap{grid-template-columns:minmax(0, 1fr);}}@media all and (max-width: 1024px){.kb-row-layout-id325_9e1dfe-7c .kt-row-layout-bottom-sep{height:px;}}@media all and (max-width: 1024px){.kb-row-layout-id325_9e1dfe-7c .kt-row-layout-bottom-sep svg{width:%;}}@media all and (max-width: 767px){.kb-row-layout-id325_9e1dfe-7c > .kt-row-column-wrap{grid-template-columns:minmax(0, 1fr);}.kb-row-layout-id325_9e1dfe-7c .kt-row-layout-bottom-sep{height:px;}.kb-row-layout-id325_9e1dfe-7c .kt-row-layout-bottom-sep svg{width:%;}}<\/style><div class=\"kb-row-layout-wrap kb-row-layout-id325_9e1dfe-7c alignfull has-theme-palette4-background-color kt-row-has-bg wp-block-kadence-rowlayout\"><div class=\"kt-row-column-wrap kt-has-1-columns kt-row-layout-equal kt-tab-layout-inherit kt-mobile-layout-row kt-row-valign-top kb-theme-content-width\">\n<style>.kadence-column325_05a688-55 > .kt-inside-inner-col,.kadence-column325_05a688-55 > .kt-inside-inner-col:before{border-top-left-radius:0px;border-top-right-radius:0px;border-bottom-right-radius:0px;border-bottom-left-radius:0px;}.kadence-column325_05a688-55 > .kt-inside-inner-col{column-gap:var(--global-kb-gap-sm, 1rem);}.kadence-column325_05a688-55 > .kt-inside-inner-col{flex-direction:column;}.kadence-column325_05a688-55 > .kt-inside-inner-col > .aligncenter{width:100%;}.kadence-column325_05a688-55 > .kt-inside-inner-col:before{opacity:0.3;}.kadence-column325_05a688-55{position:relative;}@media all and (max-width: 1024px){.kadence-column325_05a688-55 > .kt-inside-inner-col{flex-direction:column;}}@media all and (max-width: 767px){.kadence-column325_05a688-55 > .kt-inside-inner-col{flex-direction:column;}}<\/style>\n<div class=\"wp-block-kadence-column kadence-column325_05a688-55\"><div class=\"kt-inside-inner-col\"><style>.wp-block-kadence-advancedheading.kt-adv-heading325_1ed395-07, .wp-block-kadence-advancedheading.kt-adv-heading325_1ed395-07[data-kb-block=\"kb-adv-heading325_1ed395-07\"]{padding-bottom:0px;text-align:center;font-size:var(--global-kb-font-size-xxl, 4rem);font-weight:400;font-style:normal;font-family:'Bebas Neue';text-transform:uppercase;}.wp-block-kadence-advancedheading.kt-adv-heading325_1ed395-07 mark.kt-highlight, .wp-block-kadence-advancedheading.kt-adv-heading325_1ed395-07[data-kb-block=\"kb-adv-heading325_1ed395-07\"] mark.kt-highlight{font-style:normal;color:#f76a0c;-webkit-box-decoration-break:clone;box-decoration-break:clone;padding-top:0px;padding-right:0px;padding-bottom:0px;padding-left:0px;}<\/style>\n<h2 class=\"kt-adv-heading325_1ed395-07 wp-block-kadence-advancedheading has-theme-palette-7-color has-text-color\" data-kb-block=\"kb-adv-heading325_1ed395-07\">Contactons-nous<\/h2>\n\n\n<style>.wp-block-kadence-advancedheading.kt-adv-heading325_1617f0-c5, .wp-block-kadence-advancedheading.kt-adv-heading325_1617f0-c5[data-kb-block=\"kb-adv-heading325_1617f0-c5\"]{padding-top:0px;text-align:center;font-size:var(--global-kb-font-size-md, 1.25rem);font-weight:600;font-style:normal;}.wp-block-kadence-advancedheading.kt-adv-heading325_1617f0-c5 mark.kt-highlight, .wp-block-kadence-advancedheading.kt-adv-heading325_1617f0-c5[data-kb-block=\"kb-adv-heading325_1617f0-c5\"] mark.kt-highlight{font-style:normal;color:#f76a0c;-webkit-box-decoration-break:clone;box-decoration-break:clone;padding-top:0px;padding-right:0px;padding-bottom:0px;padding-left:0px;}<\/style>\n<h2 class=\"kt-adv-heading325_1617f0-c5 wp-block-kadence-advancedheading has-theme-palette-9-color has-text-color\" data-kb-block=\"kb-adv-heading325_1617f0-c5\">Confiez-nous vos besoins et probl\u00e9matiques<br>Nous sommes \u00e0 votre \u00e9coute<\/h2>\n<\/div><\/div>\n\n<\/div><\/div>\n\n<style>.kb-row-layout-id325_6f7214-fa > .kt-row-column-wrap{align-content:start;}:where(.kb-row-layout-id325_6f7214-fa > .kt-row-column-wrap) > .wp-block-kadence-column{justify-content:start;}.kb-row-layout-id325_6f7214-fa > .kt-row-column-wrap{column-gap:var(--global-kb-gap-md, 2rem);row-gap:var(--global-kb-gap-md, 2rem);max-width:var( --global-content-width, 1290px );padding-left:var(--global-content-edge-padding);padding-right:var(--global-content-edge-padding);padding-top:var(--global-kb-spacing-xl, 4rem);padding-right:var(--global-kb-spacing-3xl, 6.5rem);padding-bottom:var(--global-kb-spacing-sm, 1.5rem);padding-left:var(--global-kb-spacing-3xl, 6.5rem);grid-template-columns:minmax(0, 1fr);}.kb-row-layout-id325_6f7214-fa > .kt-row-layout-overlay{opacity:0.30;}@media all and (max-width: 1024px){.kb-row-layout-id325_6f7214-fa > .kt-row-column-wrap{grid-template-columns:minmax(0, 1fr);}}@media all and (max-width: 767px){.kb-row-layout-id325_6f7214-fa > .kt-row-column-wrap{grid-template-columns:minmax(0, 1fr);}}<\/style><div class=\"kb-row-layout-wrap kb-row-layout-id325_6f7214-fa alignfull wp-block-kadence-rowlayout\"><div class=\"kt-row-column-wrap kt-has-1-columns kt-row-layout-equal kt-tab-layout-inherit kt-mobile-layout-row kt-row-valign-top kb-theme-content-width\">\n<style>.kadence-column325_927ec3-1f > .kt-inside-inner-col,.kadence-column325_927ec3-1f > .kt-inside-inner-col:before{border-top-left-radius:0px;border-top-right-radius:0px;border-bottom-right-radius:0px;border-bottom-left-radius:0px;}.kadence-column325_927ec3-1f > .kt-inside-inner-col{column-gap:var(--global-kb-gap-sm, 1rem);}.kadence-column325_927ec3-1f > .kt-inside-inner-col{flex-direction:column;}.kadence-column325_927ec3-1f > .kt-inside-inner-col > .aligncenter{width:100%;}.kadence-column325_927ec3-1f > .kt-inside-inner-col:before{opacity:0.3;}.kadence-column325_927ec3-1f{position:relative;}@media all and (max-width: 1024px){.kadence-column325_927ec3-1f > .kt-inside-inner-col{flex-direction:column;}}@media all and (max-width: 767px){.kadence-column325_927ec3-1f > .kt-inside-inner-col{flex-direction:column;}}<\/style>\n<div class=\"wp-block-kadence-column kadence-column325_927ec3-1f\"><div class=\"kt-inside-inner-col\"><style>.wp-block-kadence-advanced-form340-cpt-id{background:#030303;}.wp-block-kadence-advanced-form340-cpt-id .kb-advanced-form input[type=text],.wp-block-kadence-advanced-form340-cpt-id .kb-advanced-form input[type=tel],.wp-block-kadence-advanced-form340-cpt-id .kb-advanced-form input[type=number],.wp-block-kadence-advanced-form340-cpt-id .kb-advanced-form input[type=date],.wp-block-kadence-advanced-form340-cpt-id .kb-advanced-form input[type=time],.wp-block-kadence-advanced-form340-cpt-id .kb-advanced-form input[type=email],.wp-block-kadence-advanced-form340-cpt-id .kb-advanced-form input[type=file],.wp-block-kadence-advanced-form340-cpt-id .kb-advanced-form select,.wp-block-kadence-advanced-form340-cpt-id .kb-advanced-form textarea{color:var(--global-palette9, #ffffff);border-top:1px solid var(--global-palette6, #718096);border-right:1px solid var(--global-palette6, #718096);border-bottom:1px solid var(--global-palette6, #718096);border-left:1px solid var(--global-palette6, #718096);}.wp-block-kadence-advanced-form340-cpt-id{color-scheme:dark;--kb-form-text-color:var(--global-palette9, #ffffff);--kb-form-background-color:var(--global-palette3, #1A202C);--kb-form-border-width:1px;--kb-form-border-color:var(--global-palette6, #718096);}.wp-block-kadence-advanced-form340-cpt-id{--kb-form-placeholder-color:var(--global-palette6, #718096);}.wp-block-kadence-advanced-form340-cpt-id input[type=text]:focus,.wp-block-kadence-advanced-form340-cpt-id input[type=email]:focus,.wp-block-kadence-advanced-form340-cpt-id input[type=tel]:focus,.wp-block-kadence-advanced-form340-cpt-id input[type=date]:focus,.wp-block-kadence-advanced-form340-cpt-id input[type=number]:focus,.wp-block-kadence-advanced-form340-cpt-id input[type=time]:focus,.wp-block-kadence-advanced-form340-cpt-id input[type=file]:focus,.wp-block-kadence-advanced-form340-cpt-id select:focus,.wp-block-kadence-advanced-form340-cpt-id textarea:focus{border-color:var(--global-palette7, #EDF2F7);}.wp-block-kadence-advanced-form340-cpt-id .kb-adv-form-field .kb-adv-form-label{color:var(--global-palette9, #ffffff);}@media all and (max-width: 1024px){.wp-block-kadence-advanced-form340-cpt-id .kb-advanced-form input[type=text],.wp-block-kadence-advanced-form340-cpt-id .kb-advanced-form input[type=tel],.wp-block-kadence-advanced-form340-cpt-id .kb-advanced-form input[type=number],.wp-block-kadence-advanced-form340-cpt-id .kb-advanced-form input[type=date],.wp-block-kadence-advanced-form340-cpt-id .kb-advanced-form input[type=time],.wp-block-kadence-advanced-form340-cpt-id .kb-advanced-form input[type=email],.wp-block-kadence-advanced-form340-cpt-id .kb-advanced-form input[type=file],.wp-block-kadence-advanced-form340-cpt-id .kb-advanced-form select,.wp-block-kadence-advanced-form340-cpt-id .kb-advanced-form textarea{border-top:1px solid var(--global-palette6, #718096);border-right:1px solid var(--global-palette6, #718096);border-bottom:1px solid var(--global-palette6, #718096);border-left:1px solid var(--global-palette6, #718096);}}@media all and (max-width: 767px){.wp-block-kadence-advanced-form340-cpt-id .kb-advanced-form input[type=text],.wp-block-kadence-advanced-form340-cpt-id .kb-advanced-form input[type=tel],.wp-block-kadence-advanced-form340-cpt-id .kb-advanced-form input[type=number],.wp-block-kadence-advanced-form340-cpt-id .kb-advanced-form input[type=date],.wp-block-kadence-advanced-form340-cpt-id .kb-advanced-form input[type=time],.wp-block-kadence-advanced-form340-cpt-id .kb-advanced-form input[type=email],.wp-block-kadence-advanced-form340-cpt-id .kb-advanced-form input[type=file],.wp-block-kadence-advanced-form340-cpt-id .kb-advanced-form select,.wp-block-kadence-advanced-form340-cpt-id .kb-advanced-form textarea{border-top:1px solid var(--global-palette6, #718096);border-right:1px solid var(--global-palette6, #718096);border-bottom:1px solid var(--global-palette6, #718096);border-left:1px solid var(--global-palette6, #718096);}}<\/style><div class=\"wp-block-kadence-advanced-form wp-block-kadence-advanced-form340-cpt-id kb-adv-form-label-style-normal kb-adv-form-input-size-standard kb-form-basic-style kb-form-is-dark kb-form-has-background wp-block-kadence-advanced-form\"><form id=\"kb-adv-form-340-cpt-id\" class=\"kb-advanced-form\" method=\"post\">\n<style>.kb-row-layout-id325_4b3de4-a6 > .kt-row-column-wrap{align-content:start;}:where(.kb-row-layout-id325_4b3de4-a6 > .kt-row-column-wrap) > .wp-block-kadence-column{justify-content:start;}.kb-row-layout-id325_4b3de4-a6 > .kt-row-column-wrap{column-gap:var(--global-kb-gap-md, 2rem);row-gap:var(--global-kb-gap-md, 2rem);padding-top:0px;padding-right:0px;padding-bottom:0px;padding-left:0px;grid-template-columns:repeat(2, minmax(0, 1fr));}.kb-row-layout-id325_4b3de4-a6 > .kt-row-layout-overlay{opacity:0.30;}@media all and (max-width: 1024px){.kb-row-layout-id325_4b3de4-a6 > .kt-row-column-wrap{grid-template-columns:repeat(2, minmax(0, 1fr));}}@media all and (max-width: 767px){.kb-row-layout-id325_4b3de4-a6 > .kt-row-column-wrap{grid-template-columns:minmax(0, 1fr);}}<\/style><div class=\"kb-row-layout-wrap kb-row-layout-id325_4b3de4-a6 alignnone wp-block-kadence-rowlayout\"><div class=\"kt-row-column-wrap kt-has-2-columns kt-row-layout-equal kt-tab-layout-inherit kt-mobile-layout-row kt-row-valign-top\">\n<style>.kadence-column325_2a4d89-e6 > .kt-inside-inner-col,.kadence-column325_2a4d89-e6 > .kt-inside-inner-col:before{border-top-left-radius:0px;border-top-right-radius:0px;border-bottom-right-radius:0px;border-bottom-left-radius:0px;}.kadence-column325_2a4d89-e6 > .kt-inside-inner-col{column-gap:var(--global-kb-gap-sm, 1rem);}.kadence-column325_2a4d89-e6 > .kt-inside-inner-col{flex-direction:column;}.kadence-column325_2a4d89-e6 > .kt-inside-inner-col > .aligncenter{width:100%;}.kadence-column325_2a4d89-e6 > .kt-inside-inner-col:before{opacity:0.3;}.kadence-column325_2a4d89-e6{position:relative;}@media all and (max-width: 1024px){.kadence-column325_2a4d89-e6 > .kt-inside-inner-col{flex-direction:column;}}@media all and (max-width: 767px){.kadence-column325_2a4d89-e6 > .kt-inside-inner-col{flex-direction:column;}}<\/style>\n<div class=\"wp-block-kadence-column kadence-column325_2a4d89-e6\"><div class=\"kt-inside-inner-col\"><div class=\"kb-adv-form-field kb-adv-form-text-type-input kb-adv-form-infield-type-input kb-field340ea0dc9-c8 wp-block-kadence-advanced-form-text\"><label class=\"kb-adv-form-label\" for=\"field340ea0dc9-c8\">Nom et Pr\u00e9nom<span class=\"kb-adv-form-required\">*<\/span><\/label><input name=\"fieldea0dc9-c8\" id=\"field340ea0dc9-c8\" data-label=\"Nom et Pr\u00e9nom\" type=\"text\" placeholder=\"\" value=\"\" data-type=\"text\" class=\"kb-field kb-text-field\" data-required=\"yes\" required aria-required=\"true\"\/><\/div><\/div><\/div>\n\n\n<style>.kadence-column325_3cf134-f7 > .kt-inside-inner-col,.kadence-column325_3cf134-f7 > .kt-inside-inner-col:before{border-top-left-radius:0px;border-top-right-radius:0px;border-bottom-right-radius:0px;border-bottom-left-radius:0px;}.kadence-column325_3cf134-f7 > .kt-inside-inner-col{column-gap:var(--global-kb-gap-sm, 1rem);}.kadence-column325_3cf134-f7 > .kt-inside-inner-col{flex-direction:column;}.kadence-column325_3cf134-f7 > .kt-inside-inner-col > .aligncenter{width:100%;}.kadence-column325_3cf134-f7 > .kt-inside-inner-col:before{opacity:0.3;}.kadence-column325_3cf134-f7{position:relative;}@media all and (max-width: 1024px){.kadence-column325_3cf134-f7 > .kt-inside-inner-col{flex-direction:column;}}@media all and (max-width: 767px){.kadence-column325_3cf134-f7 > .kt-inside-inner-col{flex-direction:column;}}<\/style>\n<div class=\"wp-block-kadence-column kadence-column325_3cf134-f7\"><div class=\"kt-inside-inner-col\"><div class=\"kb-adv-form-field kb-adv-form-text-type-input kb-adv-form-infield-type-input kb-field340e39da3-f6 wp-block-kadence-advanced-form-text\"><label class=\"kb-adv-form-label\" for=\"field340e39da3-f6\">Structure \/ Entreprise<span class=\"kb-adv-form-required\">*<\/span><\/label><input name=\"fielde39da3-f6\" id=\"field340e39da3-f6\" data-label=\"Structure \/ Entreprise\" type=\"text\" placeholder=\"\" value=\"\" data-type=\"text\" class=\"kb-field kb-text-field\" data-required=\"yes\" required aria-required=\"true\"\/><\/div><\/div><\/div>\n\n\n<style>.kadence-column325_36ba38-19 > .kt-inside-inner-col,.kadence-column325_36ba38-19 > .kt-inside-inner-col:before{border-top-left-radius:0px;border-top-right-radius:0px;border-bottom-right-radius:0px;border-bottom-left-radius:0px;}.kadence-column325_36ba38-19 > .kt-inside-inner-col{column-gap:var(--global-kb-gap-sm, 1rem);}.kadence-column325_36ba38-19 > .kt-inside-inner-col{flex-direction:column;}.kadence-column325_36ba38-19 > .kt-inside-inner-col > .aligncenter{width:100%;}.kadence-column325_36ba38-19 > .kt-inside-inner-col:before{opacity:0.3;}.kadence-column325_36ba38-19{position:relative;}@media all and (max-width: 1024px){.kadence-column325_36ba38-19 > .kt-inside-inner-col{flex-direction:column;}}@media all and (max-width: 767px){.kadence-column325_36ba38-19 > .kt-inside-inner-col{flex-direction:column;}}<\/style>\n<div class=\"wp-block-kadence-column kadence-column325_36ba38-19\"><div class=\"kt-inside-inner-col\"><div class=\"kb-adv-form-field kb-adv-form-text-type-input kb-adv-form-infield-type-input kb-field34033403e-04 wp-block-kadence-advanced-form-email\"><label class=\"kb-adv-form-label\" for=\"field34033403e-04\">Email<span class=\"kb-adv-form-required\">*<\/span><\/label><input name=\"field33403e-04\" id=\"field34033403e-04\" data-label=\"Email\" type=\"email\" placeholder=\"\" value=\"\" data-type=\"email\" class=\"kb-field kb-email-field\" data-required=\"yes\" required aria-required=\"true\"\/><\/div><\/div><\/div>\n\n\n<style>.kadence-column325_80bade-6a > .kt-inside-inner-col,.kadence-column325_80bade-6a > .kt-inside-inner-col:before{border-top-left-radius:0px;border-top-right-radius:0px;border-bottom-right-radius:0px;border-bottom-left-radius:0px;}.kadence-column325_80bade-6a > .kt-inside-inner-col{column-gap:var(--global-kb-gap-sm, 1rem);}.kadence-column325_80bade-6a > .kt-inside-inner-col{flex-direction:column;}.kadence-column325_80bade-6a > .kt-inside-inner-col > .aligncenter{width:100%;}.kadence-column325_80bade-6a > .kt-inside-inner-col:before{opacity:0.3;}.kadence-column325_80bade-6a{position:relative;}@media all and (max-width: 1024px){.kadence-column325_80bade-6a > .kt-inside-inner-col{flex-direction:column;}}@media all and (max-width: 767px){.kadence-column325_80bade-6a > .kt-inside-inner-col{flex-direction:column;}}<\/style>\n<div class=\"wp-block-kadence-column kadence-column325_80bade-6a\"><div class=\"kt-inside-inner-col\"><div class=\"kb-adv-form-field kb-adv-form-text-type-input kb-adv-form-infield-type-input kb-field340d17650-dd wp-block-kadence-advanced-form-text\"><label class=\"kb-adv-form-label\" for=\"field340d17650-dd\">T\u00e9l\u00e9phone<span class=\"kb-adv-form-required\">*<\/span><\/label><input name=\"fieldd17650-dd\" id=\"field340d17650-dd\" data-label=\"T\u00e9l\u00e9phone\" type=\"text\" placeholder=\"\" value=\"\" data-type=\"text\" class=\"kb-field kb-text-field\" data-required=\"yes\" required aria-required=\"true\"\/><\/div><\/div><\/div>\n\n<\/div><\/div>\n\n<style>.kb-row-layout-id325_f1c75f-ba > .kt-row-column-wrap{align-content:start;}:where(.kb-row-layout-id325_f1c75f-ba > .kt-row-column-wrap) > .wp-block-kadence-column{justify-content:start;}.kb-row-layout-id325_f1c75f-ba > .kt-row-column-wrap{column-gap:var(--global-kb-gap-md, 2rem);row-gap:var(--global-kb-gap-md, 2rem);padding-top:0px;padding-right:0px;padding-bottom:0px;padding-left:0px;grid-template-columns:repeat(2, minmax(0, 1fr));}.kb-row-layout-id325_f1c75f-ba > .kt-row-layout-overlay{opacity:0.30;}@media all and (max-width: 1024px){.kb-row-layout-id325_f1c75f-ba > .kt-row-column-wrap{grid-template-columns:repeat(2, minmax(0, 1fr));}}@media all and (max-width: 767px){.kb-row-layout-id325_f1c75f-ba > .kt-row-column-wrap{grid-template-columns:minmax(0, 1fr);}}<\/style><div class=\"kb-row-layout-wrap kb-row-layout-id325_f1c75f-ba alignnone wp-block-kadence-rowlayout\"><div class=\"kt-row-column-wrap kt-has-2-columns kt-row-layout-equal kt-tab-layout-inherit kt-mobile-layout-row kt-row-valign-top\">\n<style>.kadence-column325_2af833-46 > .kt-inside-inner-col,.kadence-column325_2af833-46 > .kt-inside-inner-col:before{border-top-left-radius:0px;border-top-right-radius:0px;border-bottom-right-radius:0px;border-bottom-left-radius:0px;}.kadence-column325_2af833-46 > .kt-inside-inner-col{column-gap:var(--global-kb-gap-sm, 1rem);}.kadence-column325_2af833-46 > .kt-inside-inner-col{flex-direction:column;}.kadence-column325_2af833-46 > .kt-inside-inner-col > .aligncenter{width:100%;}.kadence-column325_2af833-46 > .kt-inside-inner-col:before{opacity:0.3;}.kadence-column325_2af833-46{position:relative;}@media all and (max-width: 1024px){.kadence-column325_2af833-46 > .kt-inside-inner-col{flex-direction:column;}}@media all and (max-width: 767px){.kadence-column325_2af833-46 > .kt-inside-inner-col{flex-direction:column;}}<\/style>\n<div class=\"wp-block-kadence-column kadence-column325_2af833-46\"><div class=\"kt-inside-inner-col\"><div class=\"kb-adv-form-field kb-adv-form-infield-type-input kb-field340f906b3-c3 wp-block-kadence-advanced-form-select\"><label class=\"kb-adv-form-label\" for=\"field340f906b3-c3\">Vous \u00eates int\u00e9ress\u00e9 par &#8230;<\/label><select multiple name=\"fieldf906b3-c3[]\" id=\"field340f906b3-c3\" ><option value=\"Nos prestations \u00e0 la carte\">Nos prestations \u00e0 la carte<\/option><option value=\"L&#039;un de nos packs\">L&rsquo;un de nos packs<\/option><option value=\"Une communication 360\">Une communication 360<\/option><option value=\"Rien de tout cela\">Rien de tout cela<\/option><\/select><\/div><\/div><\/div>\n\n\n<style>.kadence-column325_886057-15 > .kt-inside-inner-col,.kadence-column325_886057-15 > .kt-inside-inner-col:before{border-top-left-radius:0px;border-top-right-radius:0px;border-bottom-right-radius:0px;border-bottom-left-radius:0px;}.kadence-column325_886057-15 > .kt-inside-inner-col{column-gap:var(--global-kb-gap-sm, 1rem);}.kadence-column325_886057-15 > .kt-inside-inner-col{flex-direction:column;}.kadence-column325_886057-15 > .kt-inside-inner-col > .aligncenter{width:100%;}.kadence-column325_886057-15 > .kt-inside-inner-col:before{opacity:0.3;}.kadence-column325_886057-15{position:relative;}@media all and (max-width: 1024px){.kadence-column325_886057-15 > .kt-inside-inner-col{flex-direction:column;}}@media all and (max-width: 767px){.kadence-column325_886057-15 > .kt-inside-inner-col{flex-direction:column;}}<\/style>\n<div class=\"wp-block-kadence-column kadence-column325_886057-15\"><div class=\"kt-inside-inner-col\"><div class=\"kb-adv-form-field kb-adv-form-infield-type-input kb-field340dc69e6-c5 wp-block-kadence-advanced-form-select\"><label class=\"kb-adv-form-label\" for=\"field340dc69e6-c5\">Vos besoins &#8230;<\/label><select multiple name=\"fielddc69e6-c5[]\" id=\"field340dc69e6-c5\" ><option value=\"Communication globale\">Communication globale<\/option><option value=\"Vid\u00e9o\">Vid\u00e9o<\/option><option value=\"Photo\">Photo<\/option><option value=\"R\u00e9seaux sociaux\">R\u00e9seaux sociaux<\/option><option value=\"Site Web\">Site Web<\/option><option value=\"Supports Print\">Supports Print<\/option><option value=\"Autre\">Autre<\/option><\/select><\/div><\/div><\/div>\n\n<\/div><\/div>\n\n<div class=\"kb-adv-form-field kb-adv-form-text-type-input kb-adv-form-infield-type-input kb-field34039f329-0f wp-block-kadence-advanced-form-textarea\"><label class=\"kb-adv-form-label\" for=\"field34039f329-0f\">Dites nous en plus <span class=\"kb-adv-form-required\">*<\/span><\/label><textarea name=\"field39f329-0f\" id=\"field34039f329-0f\" rows=\"3\"  data-label=\"Dites nous en plus \" placeholder=\"\" data-type=\"textarea\" class=\"kb-field kb-textarea-field\" data-required=\"yes\" required aria-required=\"true\"><\/textarea><\/div>\n\n<style>ul.menu .kb-submit-field .kb-btn841c60-33.kb-button{width:initial;}.kb-submit-field .kb-btn841c60-33.kb-button{background:var(--global-palette4, #2D3748);}.kb-submit-field .kb-btn841c60-33.kb-button:hover, .kb-submit-field .kb-btn841c60-33.kb-button:focus{background:var(--global-palette5, #4A5568);}.kb-submit-field.kb-field841c60-33{justify-content:flex-start;}<\/style><div class=\"kb-adv-form-field kb-submit-field kb-field841c60-33 wp-block-kadence-advanced-form-submit\"><button class=\"kb-button kt-button button kb-adv-form-submit-button kb-btn841c60-33 kt-btn-size-small kt-btn-width-type-auto kb-btn-global-fill kt-btn-has-text-true kt-btn-has-svg-false\" type=\"submit\"><span class=\"kt-btn-inner-text\">Envoyer<\/span><\/button><\/div>\n<input type=\"hidden\" name=\"_kb_adv_form_post_id\" value=\"340\"><input type=\"hidden\" name=\"action\" value=\"kb_process_advanced_form_submit\"><input type=\"hidden\" name=\"_kb_adv_form_id\" value=\"340-cpt-id\"><\/form><\/div><\/div><\/div>\n\n<\/div><\/div>","protected":false},"excerpt":{"rendered":"<p>Contactons-nous Confiez-nous vos besoins et probl\u00e9matiquesNous sommes \u00e0 votre \u00e9coute<\/p>\n","protected":false},"author":2,"featured_media":0,"parent":0,"menu_order":0,"comment_status":"closed","ping_status":"closed","template":"","meta":{"_kad_post_transparent":"","_kad_post_title":"","_kad_post_layout":"","_kad_post_sidebar_id":"","_kad_post_content_style":"","_kad_post_vertical_padding":"","_kad_post_feature":"","_kad_post_feature_position":"","_kad_post_header":false,"_kad_post_footer":false,"footnotes":""},"class_list":["post-325","page","type-page","status-publish","hentry"],"_links":{"self":[{"href":"https:\/\/www.spoonvideo.fr\/index.php\/wp-json\/wp\/v2\/pages\/325","targetHints":{"allow":["GET"]}}],"collection":[{"href":"https:\/\/www.spoonvideo.fr\/index.php\/wp-json\/wp\/v2\/pages"}],"about":[{"href":"https:\/\/www.spoonvideo.fr\/index.php\/wp-json\/wp\/v2\/types\/page"}],"author":[{"embeddable":true,"href":"https:\/\/www.spoonvideo.fr\/index.php\/wp-json\/wp\/v2\/users\/2"}],"replies":[{"embeddable":true,"href":"https:\/\/www.spoonvideo.fr\/index.php\/wp-json\/wp\/v2\/comments?post=325"}],"version-history":[{"count":14,"href":"https:\/\/www.spoonvideo.fr\/index.php\/wp-json\/wp\/v2\/pages\/325\/revisions"}],"predecessor-version":[{"id":495,"href":"https:\/\/www.spoonvideo.fr\/index.php\/wp-json\/wp\/v2\/pages\/325\/revisions\/495"}],"wp:attachment":[{"href":"https:\/\/www.spoonvideo.fr\/index.php\/wp-json\/wp\/v2\/media?parent=325"}],"curies":[{"name":"wp","href":"https:\/\/api.w.org\/{rel}","templated":true}]}}